{"id":95,"date":"2023-06-27T13:53:11","date_gmt":"2023-06-27T13:53:11","guid":{"rendered":"http:\/\/ahead-oe.de\/?page_id=95"},"modified":"2025-09-21T09:16:36","modified_gmt":"2025-09-21T09:16:36","slug":"leistungen","status":"publish","type":"page","link":"https:\/\/ahead-oe.de\/?page_id=95","title":{"rendered":"Leistungen"},"content":{"rendered":"\n<h2 class=\"wp-block-heading\">Einf\u00fchrung eines Konstrutiven Verbesserungsprozesses<\/h2>\n\n\n\n<h3 class=\"wp-block-heading\">Was ist das Ziel?<\/h3>\n\n\n\n<p>Wir helfen ihnen einen konstruktiven Verbesserungsprozess in ihrer Organisation zu etablieren. Damit gewinnt ihre Organisation die F\u00e4higkeit zur kontinuierlichen Verbesserung aus eigener Kraft. Eine zus\u00e4tzliche Planung oder das Management einer Ver\u00e4nderungsnititative entf\u00e4llt. <\/p>\n\n\n\n<h3 class=\"wp-block-heading\">Ablauf<\/h3>\n\n\n\n<ul class=\"wp-block-list\">\n<li>Wir machen eine Vorbesprechung mit dem Ziel, Ans\u00e4tze f\u00fcr die Etablierung eines KVP in ihrer Organisation zu finden.<\/li>\n\n\n\n<li>Zusammen mit den Beteiligten analysieren wir Arbeitsabl\u00e4ufe und aktuelle Problemstellungen, um Potentiale f\u00fcr das Einbinden eines KVP in diese Abl\u00e4ufe zu identifizieren.<\/li>\n\n\n\n<li>Wir unterst\u00fctzen bei der Umsetzung des KVP durch Modertion und Coaching von organisationeinternen Moderatoren f\u00fcr den KVP.<\/li>\n\n\n\n<li>Wir unterst\u00fctzen bei der Evaluation und Anpassung des KVP.<\/li>\n<\/ul>\n\n\n\n<p><\/p>\n","protected":false},"excerpt":{"rendered":"<p>Einf\u00fchrung eines Konstrutiven Verbesserungsprozesses Was ist das Ziel? Wir helfen ihnen einen konstruktiven Verbesserungsprozess in ihrer Organisation zu etablieren. Damit [&hellip;]<\/p>\n","protected":false},"author":1,"featured_media":0,"parent":0,"menu_order":0,"comment_status":"closed","ping_status":"closed","template":"","meta":{"site-sidebar-layout":"default","site-content-layout":"","ast-site-content-layout":"default","site-content-style":"default","site-sidebar-style":"default","ast-global-header-display":"","ast-banner-title-visibility":"","ast-main-header-display":"","ast-hfb-above-header-display":"","ast-hfb-below-header-display":"","ast-hfb-mobile-header-display":"","site-post-title":"","ast-breadcrumbs-content":"","ast-featured-img":"","footer-sml-layout":"","theme-transparent-header-meta":"","adv-header-id-meta":"","stick-header-meta":"","header-above-stick-meta":"","header-main-stick-meta":"","header-below-stick-meta":"","astra-migrate-meta-layouts":"default","ast-page-background-enabled":"default","ast-page-background-meta":{"desktop":{"background-color":"var(--ast-global-color-5)","background-image":"","background-repeat":"repeat","background-position":"center center","background-size":"auto","background-attachment":"scroll","background-type":"","background-media":"","overlay-type":"","overlay-color":"","overlay-opacity":"","overlay-gradient":""},"tablet":{"background-color":"","background-image":"","background-repeat":"repeat","background-position":"center center","background-size":"auto","background-attachment":"scroll","background-type":"","background-media":"","overlay-type":"","overlay-color":"","overlay-opacity":"","overlay-gradient":""},"mobile":{"background-color":"","background-image":"","background-repeat":"repeat","background-position":"center center","background-size":"auto","background-attachment":"scroll","background-type":"","background-media":"","overlay-type":"","overlay-color":"","overlay-opacity":"","overlay-gradient":""}},"ast-content-background-meta":{"desktop":{"background-color":"var(--ast-global-color-4)","background-image":"","background-repeat":"repeat","background-position":"center center","background-size":"auto","background-attachment":"scroll","background-type":"","background-media":"","overlay-type":"","overlay-color":"","overlay-opacity":"","overlay-gradient":""},"tablet":{"background-color":"var(--ast-global-color-4)","background-image":"","background-repeat":"repeat","background-position":"center center","background-size":"auto","background-attachment":"scroll","background-type":"","background-media":"","overlay-type":"","overlay-color":"","overlay-opacity":"","overlay-gradient":""},"mobile":{"background-color":"var(--ast-global-color-4)","background-image":"","background-repeat":"repeat","background-position":"center center","background-size":"auto","background-attachment":"scroll","background-type":"","background-media":"","overlay-type":"","overlay-color":"","overlay-opacity":"","overlay-gradient":""}},"footnotes":""},"class_list":["post-95","page","type-page","status-publish","hentry"],"_links":{"self":[{"href":"https:\/\/ahead-oe.de\/index.php?rest_route=\/wp\/v2\/pages\/95","targetHints":{"allow":["GET"]}}],"collection":[{"href":"https:\/\/ahead-oe.de\/index.php?rest_route=\/wp\/v2\/pages"}],"about":[{"href":"https:\/\/ahead-oe.de\/index.php?rest_route=\/wp\/v2\/types\/page"}],"author":[{"embeddable":true,"href":"https:\/\/ahead-oe.de\/index.php?rest_route=\/wp\/v2\/users\/1"}],"replies":[{"embeddable":true,"href":"https:\/\/ahead-oe.de\/index.php?rest_route=%2Fwp%2Fv2%2Fcomments&post=95"}],"version-history":[{"count":7,"href":"https:\/\/ahead-oe.de\/index.php?rest_route=\/wp\/v2\/pages\/95\/revisions"}],"predecessor-version":[{"id":165,"href":"https:\/\/ahead-oe.de\/index.php?rest_route=\/wp\/v2\/pages\/95\/revisions\/165"}],"wp:attachment":[{"href":"https:\/\/ahead-oe.de\/index.php?rest_route=%2Fwp%2Fv2%2Fmedia&parent=95"}],"curies":[{"name":"wp","href":"https:\/\/api.w.org\/{rel}","templated":true}]}}