{"id":105,"date":"2025-08-18T13:24:19","date_gmt":"2025-08-18T13:24:19","guid":{"rendered":"http:\/\/ahead-oe.de\/?page_id=105"},"modified":"2025-09-21T09:40:54","modified_gmt":"2025-09-21T09:40:54","slug":"kontinuierliche-verbesserung","status":"publish","type":"page","link":"https:\/\/ahead-oe.de\/?page_id=105","title":{"rendered":"KVP versus klassische Ver\u00e4nderungsinitiative"},"content":{"rendered":"\n<h1 class=\"wp-block-heading\">Konstruktiver Verbesserungsprozess versus klassische Ver\u00e4nderungsinitiative<\/h1>\n\n\n\n<p>Klassische Verbesserungsversuche werden oft als eine Ver\u00e4nderungsinitiative durchgef\u00fchrt, die zu einem bestimmten Zeitpunkt startet und zu einem sp\u00e4teren Zeitpunkt endet.<\/p>\n\n\n\n<blockquote class=\"wp-block-quote is-layout-flow wp-block-quote-is-layout-flow\">\n<p>Der KVP von ahead-OE ist dagegen ein <strong>kontinuierlicher <\/strong>Verbesserungsprozess<\/p>\n\n\n\n<ul class=\"wp-block-list\">\n<li>Probleme k\u00f6nnen fr\u00fchzeitig in Angriff genommen werden, es entsteht weniger Schaden und mehr Nutzen<\/li>\n\n\n\n<li>Probleme h\u00e4ufen sich nicht an &#8211; der Prozess ist weniger zeitintensiv und schmerzhaft<\/li>\n\n\n\n<li>der Overhead des Managements der Ver\u00e4nderungsinitiative entf\u00e4llt vollst\u00e4ndig<\/li>\n<\/ul>\n<\/blockquote>\n\n\n\n<p>Die Zielsetzung einer klassischen Ver\u00e4nderungsinitiative stammt oft aus einer konkreten Idee, wie eine wahrgenommene Mangelerscheinung behoben werden m\u00fcsste.<\/p>\n\n\n\n<blockquote class=\"wp-block-quote is-layout-flow wp-block-quote-is-layout-flow\">\n<p>Der KVP von ahead-OE dagegen <strong>inkludiert <\/strong>alle Perspektiven und <strong>adaptiert <\/strong>die Ver\u00e4nderungsrichtung sobald es angemessen ist.<\/p>\n\n\n\n<ul class=\"wp-block-list\">\n<li>alle Betroffenen werden beteiligt und f\u00fchlen sich ber\u00fccksichtigt<\/li>\n\n\n\n<li>es werden alle Perspektiven und Meinungen fr\u00fchzeitig in Betracht gezogen<\/li>\n\n\n\n<li>L\u00f6sungen beruhen auf allen relevanten Informationen, die Beteiligte beitragen k\u00f6nnen<\/li>\n<\/ul>\n<\/blockquote>\n\n\n\n<p><\/p>\n","protected":false},"excerpt":{"rendered":"<p>Konstruktiver Verbesserungsprozess versus klassische Ver\u00e4nderungsinitiative Klassische Verbesserungsversuche werden oft als eine Ver\u00e4nderungsinitiative durchgef\u00fchrt, die zu einem bestimmten Zeitpunkt startet und [&hellip;]<\/p>\n","protected":false},"author":1,"featured_media":0,"parent":0,"menu_order":0,"comment_status":"closed","ping_status":"closed","template":"","meta":{"site-sidebar-layout":"default","site-content-layout":"","ast-site-content-layout":"default","site-content-style":"default","site-sidebar-style":"default","ast-global-header-display":"","ast-banner-title-visibility":"","ast-main-header-display":"","ast-hfb-above-header-display":"","ast-hfb-below-header-display":"","ast-hfb-mobile-header-display":"","site-post-title":"disabled","ast-breadcrumbs-content":"","ast-featured-img":"","footer-sml-layout":"","theme-transparent-header-meta":"","adv-header-id-meta":"","stick-header-meta":"","header-above-stick-meta":"","header-main-stick-meta":"","header-below-stick-meta":"","astra-migrate-meta-layouts":"default","ast-page-background-enabled":"default","ast-page-background-meta":{"desktop":{"background-color":"var(--ast-global-color-5)","background-image":"","background-repeat":"repeat","background-position":"center center","background-size":"auto","background-attachment":"scroll","background-type":"","background-media":"","overlay-type":"","overlay-color":"","overlay-opacity":"","overlay-gradient":""},"tablet":{"background-color":"","background-image":"","background-repeat":"repeat","background-position":"center center","background-size":"auto","background-attachment":"scroll","background-type":"","background-media":"","overlay-type":"","overlay-color":"","overlay-opacity":"","overlay-gradient":""},"mobile":{"background-color":"","background-image":"","background-repeat":"repeat","background-position":"center center","background-size":"auto","background-attachment":"scroll","background-type":"","background-media":"","overlay-type":"","overlay-color":"","overlay-opacity":"","overlay-gradient":""}},"ast-content-background-meta":{"desktop":{"background-color":"var(--ast-global-color-4)","background-image":"","background-repeat":"repeat","background-position":"center center","background-size":"auto","background-attachment":"scroll","background-type":"","background-media":"","overlay-type":"","overlay-color":"","overlay-opacity":"","overlay-gradient":""},"tablet":{"background-color":"var(--ast-global-color-4)","background-image":"","background-repeat":"repeat","background-position":"center center","background-size":"auto","background-attachment":"scroll","background-type":"","background-media":"","overlay-type":"","overlay-color":"","overlay-opacity":"","overlay-gradient":""},"mobile":{"background-color":"var(--ast-global-color-4)","background-image":"","background-repeat":"repeat","background-position":"center center","background-size":"auto","background-attachment":"scroll","background-type":"","background-media":"","overlay-type":"","overlay-color":"","overlay-opacity":"","overlay-gradient":""}},"footnotes":""},"class_list":["post-105","page","type-page","status-publish","hentry"],"_links":{"self":[{"href":"https:\/\/ahead-oe.de\/index.php?rest_route=\/wp\/v2\/pages\/105","targetHints":{"allow":["GET"]}}],"collection":[{"href":"https:\/\/ahead-oe.de\/index.php?rest_route=\/wp\/v2\/pages"}],"about":[{"href":"https:\/\/ahead-oe.de\/index.php?rest_route=\/wp\/v2\/types\/page"}],"author":[{"embeddable":true,"href":"https:\/\/ahead-oe.de\/index.php?rest_route=\/wp\/v2\/users\/1"}],"replies":[{"embeddable":true,"href":"https:\/\/ahead-oe.de\/index.php?rest_route=%2Fwp%2Fv2%2Fcomments&post=105"}],"version-history":[{"count":11,"href":"https:\/\/ahead-oe.de\/index.php?rest_route=\/wp\/v2\/pages\/105\/revisions"}],"predecessor-version":[{"id":182,"href":"https:\/\/ahead-oe.de\/index.php?rest_route=\/wp\/v2\/pages\/105\/revisions\/182"}],"wp:attachment":[{"href":"https:\/\/ahead-oe.de\/index.php?rest_route=%2Fwp%2Fv2%2Fmedia&parent=105"}],"curies":[{"name":"wp","href":"https:\/\/api.w.org\/{rel}","templated":true}]}}